{"id":1784,"date":"2021-04-20T21:05:43","date_gmt":"2021-04-20T19:05:43","guid":{"rendered":"https:\/\/www.hd-pa.com\/?page_id=1784"},"modified":"2021-05-04T02:50:27","modified_gmt":"2021-05-04T00:50:27","slug":"imprint","status":"publish","type":"page","link":"https:\/\/www.hd-pa.com\/de\/imprint\/","title":{"rendered":"Imprint"},"content":{"rendered":"<div data-elementor-type=\"wp-page\" data-elementor-id=\"1784\" class=\"elementor elementor-1784\">\n\t\t\t\t\t\t<section class=\"elementor-section elementor-top-section elementor-element elementor-element-7477f3f elementor-section-boxed elementor-section-height-default elementor-section-height-default\" data-id=\"7477f3f\" data-element_type=\"section\" data-settings=\"{&quot;background_background&quot;:&quot;gradient&quot;}\">\n\t\t\t\t\t\t\t<div class=\"elementor-background-overlay\"><\/div>\n\t\t\t\t\t\t\t<div class=\"elementor-container elementor-column-gap-default\">\n\t\t\t\t\t<div class=\"elementor-column elementor-col-100 elementor-top-column elementor-element elementor-element-b2846ef\" data-id=\"b2846ef\" data-element_type=\"column\">\n\t\t\t<div class=\"elementor-widget-wrap elementor-element-populated\">\n\t\t\t\t\t\t<div class=\"elementor-element elementor-element-3e46a7f elementor-widget elementor-widget-heading\" data-id=\"3e46a7f\" data-element_type=\"widget\" data-widget_type=\"heading.default\">\n\t\t\t\t<div class=\"elementor-widget-container\">\n\t\t\t\t\t<h1 class=\"elementor-heading-title elementor-size-default\">Imprint<\/h1>\t\t\t\t<\/div>\n\t\t\t\t<\/div>\n\t\t\t\t\t<\/div>\n\t\t<\/div>\n\t\t\t\t\t<\/div>\n\t\t<\/section>\n\t\t\t\t<section class=\"elementor-section elementor-top-section elementor-element elementor-element-32940b7 elementor-section-boxed elementor-section-height-default elementor-section-height-default\" data-id=\"32940b7\" data-element_type=\"section\">\n\t\t\t\t\t\t<div class=\"elementor-container elementor-column-gap-default\">\n\t\t\t\t\t<div class=\"elementor-column elementor-col-100 elementor-top-column elementor-element elementor-element-111a8c3\" data-id=\"111a8c3\" data-element_type=\"column\">\n\t\t\t<div class=\"elementor-widget-wrap elementor-element-populated\">\n\t\t\t\t\t\t<div class=\"elementor-element elementor-element-1547b60 elementor-widget elementor-widget-text-editor\" data-id=\"1547b60\" data-element_type=\"widget\" data-widget_type=\"text-editor.default\">\n\t\t\t\t<div class=\"elementor-widget-container\">\n\t\t\t\t\t\t\t\t\t<p><strong>IMPRINT<\/strong><br \/>Heidelberg &#8211; Palo Alto Club e.V.<br \/>Waldhofer Street 17<br \/>69123 Heidelberg<br \/>Germany<br \/>Phone: +49 6221 3929 270<br \/>Email: info@hd-pa.com<br \/>1st Chairman (authorized to represent alone): Stephan Lochner<br \/>Register court: Local court Mannheim<br \/>Association registration number: 702860<br \/>Tax number: 32489\/40257<\/p><p><strong>Limitation of liability<\/strong><br \/>The contents of this website are created with the greatest possible care. However, the provider does<br \/>not guarantee the accuracy, completeness and timeliness of the content provided. The use of the<br \/>contents of the website is at the user&amp;#39;s own risk.<br \/>Contributions identified by name reflect the opinion of the respective author and not always the<br \/>opinion of the provider. The mere use of the provider&amp;#39;s website does not constitute any contractual<br \/>relationship between the user and the provider.<\/p><p><strong>External Links<\/strong><br \/>This website contains links to third-party websites (&amp;quot;external links&amp;quot;). These websites are subject to<br \/>the liability of the respective operators. When the external links were first created, the provider<br \/>checked the external content for any legal violations. At that time, no legal violations were apparent.<br \/>The provider has no influence on the current and future design and content of the linked pages. The<br \/>inclusion of external links does not imply that the provider adopts the content behind the reference<br \/>or link as its own. It is not reasonable for the provider to constantly monitor the external links<br \/>without concrete evidence of legal violations. However, such external links will be deleted<br \/>immediately if legal violations become known.<\/p><p><strong>Copyright and ancillary copyrights<\/strong><br \/>The contents published on this website are subject to German copyright and ancillary copyright law.<br \/>Any use not permitted by German copyright and ancillary copyright law requires the prior written<br \/>consent of the provider or the respective copyright holder. This applies in particular to the copying,<br \/>editing, translation, storage, processing or reproduction of content in databases or other electronic<br \/>media and systems. Contents and rights of third parties are marked as such. The unauthorized<br \/>reproduction or distribution of individual content or complete pages is not permitted and is<br \/>punishable by law. Only the production of copies and downloads for personal, private and non-<\/p><p>commercial use is permitted. The display of this website in external frames is only permitted with<br \/>written permission.<\/p><p><strong>IMPRESSUM<\/strong><br \/>Heidelberg \u2013 Palo Alto Club e.V.<br \/>Waldhofer Strasse 17<br \/>69123 Heidelberg<br \/>Germany<br \/>Telefon: +49 6221 3929 270<br \/>Email: info@hd-pa.com<br \/>1. Vorsitzender (allein vertretungsberechtigt): Stephan Lochner<br \/>Registergericht: Amtsgericht Mannheim<br \/>Vereinsregisternummer: 702860<br \/>Steuernummer: 32489\/40257<\/p><p><strong>Haftungsbeschr\u00e4nkung<\/strong><br \/>Die Inhalte dieser Website werden mit gr\u00f6\u00dftm\u00f6glicher Sorgfalt erstellt. Der Anbieter \u00fcbernimmt<br \/>jedoch keine Gew\u00e4hr f\u00fcr die Richtigkeit, Vollst\u00e4ndigkeit und Aktualit\u00e4t der bereitgestellten Inhalte.<br \/>Die Nutzung der Inhalte der Website erfolgt auf eigene Gefahr des Nutzers.<br \/>Namentlich gekennzeichnete Beitr\u00e4ge geben die Meinung des jeweiligen Autors und nicht immer die<br \/>Meinung des Anbieters wieder. Mit der reinen Nutzung der Website des Anbieters kommt keinerlei<br \/>Vertragsverh\u00e4ltnis zwischen dem Nutzer und dem Anbieter zustande.<\/p><p><strong>Externe Links<\/strong><br \/>Diese Website enth\u00e4lt Verkn\u00fcpfungen zu Websites Dritter (&#8220;externe Links&#8221;). Diese Websites<br \/>unterliegen der Haftung der jeweiligen Betreiber. Der Anbieter hat bei der erstmaligen Verkn\u00fcpfung<br \/>der externen Links die fremden Inhalte daraufhin \u00fcberpr\u00fcft, ob etwaige Rechtsverst\u00f6\u00dfe bestehen. Zu<br \/>dem Zeitpunkt waren keine Rechtsverst\u00f6\u00dfe ersichtlich. Der Anbieter hat keinerlei Einfluss auf die<br \/>aktuelle und zuk\u00fcnftige Gestaltung und auf die Inhalte der verkn\u00fcpften Seiten. Das Setzen von<br \/>externen Links bedeutet nicht, dass sich der Anbieter die hinter dem Verweis oder Link liegenden<br \/>Inhalte zu Eigen macht. Eine st\u00e4ndige Kontrolle der externen Links ist f\u00fcr den Anbieter ohne konkrete<br \/>Hinweise auf Rechtsverst\u00f6\u00dfe nicht zumutbar. Bei Kenntnis von Rechtsverst\u00f6\u00dfen werden jedoch<br \/>derartige externe Links unverz\u00fcglich gel\u00f6scht.<\/p><p><strong>Urheber- und Leistungsschutzrechte<\/strong><br \/>Die auf dieser Website ver\u00f6ffentlichten Inhalte unterliegen dem deutschen Urheber- und<br \/>Leistungsschutzrecht. Jede vom deutschen Urheber- und Leistungsschutzrecht nicht zugelassene<br \/>Verwertung bedarf der vorherigen schriftlichen Zustimmung des Anbieters oder jeweiligen<br \/>Rechteinhabers. Dies gilt insbesondere f\u00fcr Vervielf\u00e4ltigung, Bearbeitung, \u00dcbersetzung,<br \/>Einspeicherung, Verarbeitung bzw. Wiedergabe von Inhalten in Datenbanken oder anderen<br \/>elektronischen Medien und Systemen. Inhalte und Rechte Dritter sind dabei als solche<br \/>gekennzeichnet. Die unerlaubte Vervielf\u00e4ltigung oder Weitergabe einzelner Inhalte oder kompletter<\/p><p>Seiten ist nicht gestattet und strafbar. Lediglich die Herstellung von Kopien und Downloads f\u00fcr den<br \/>pers\u00f6nlichen, privaten und nicht kommerziellen Gebrauch ist erlaubt. Die Darstellung dieser Website<br \/>in fremden Frames ist nur mit schriftlicher Erlaubnis zul\u00e4ssig.<\/p>\t\t\t\t\t\t\t\t<\/div>\n\t\t\t\t<\/div>\n\t\t\t\t\t<\/div>\n\t\t<\/div>\n\t\t\t\t\t<\/div>\n\t\t<\/section>\n\t\t\t\t<\/div>","protected":false},"excerpt":{"rendered":"<p>Imprint IMPRINTHeidelberg &#8211; Palo Alto Club e.V.Waldhofer Street 1769123 HeidelbergGermanyPhone: +49 6221 3929 270Email: info@hd-pa.com1st Chairman (authorized to represent alone): Stephan LochnerRegister court: Local court MannheimAssociation registration number: 702860Tax number: 32489\/40257 Limitation of liabilityThe contents of this website are created with the greatest possible care. However, the provider doesnot guarantee the accuracy, completeness and timeliness [&hellip;]<\/p>","protected":false},"author":1,"featured_media":0,"parent":0,"menu_order":0,"comment_status":"closed","ping_status":"closed","template":"","meta":{"site-sidebar-layout":"no-sidebar","site-content-layout":"page-builder","ast-site-content-layout":"default","site-content-style":"default","site-sidebar-style":"default","ast-global-header-display":"","ast-banner-title-visibility":"","ast-main-header-display":"","ast-hfb-above-header-display":"","ast-hfb-below-header-display":"","ast-hfb-mobile-header-display":"","site-post-title":"disabled","ast-breadcrumbs-content":"","ast-featured-img":"disabled","footer-sml-layout":"","theme-transparent-header-meta":"default","adv-header-id-meta":"","stick-header-meta":"","header-above-stick-meta":"","header-main-stick-meta":"","header-below-stick-meta":"","astra-migrate-meta-layouts":"default","ast-page-background-enabled":"default","ast-page-background-meta":{"desktop":{"background-color":"","background-image":"","background-repeat":"repeat","background-position":"center center","background-size":"auto","background-attachment":"scroll","background-type":"","background-media":"","overlay-type":"","overlay-color":"","overlay-opacity":"","overlay-gradient":""},"tablet":{"background-color":"","background-image":"","background-repeat":"repeat","background-position":"center center","background-size":"auto","background-attachment":"scroll","background-type":"","background-media":"","overlay-type":"","overlay-color":"","overlay-opacity":"","overlay-gradient":""},"mobile":{"background-color":"","background-image":"","background-repeat":"repeat","background-position":"center center","background-size":"auto","background-attachment":"scroll","background-type":"","background-media":"","overlay-type":"","overlay-color":"","overlay-opacity":"","overlay-gradient":""}},"ast-content-background-meta":{"desktop":{"background-color":"var(--ast-global-color-5)","background-image":"","background-repeat":"repeat","background-position":"center center","background-size":"auto","background-attachment":"scroll","background-type":"","background-media":"","overlay-type":"","overlay-color":"","overlay-opacity":"","overlay-gradient":""},"tablet":{"background-color":"var(--ast-global-color-5)","background-image":"","background-repeat":"repeat","background-position":"center center","background-size":"auto","background-attachment":"scroll","background-type":"","background-media":"","overlay-type":"","overlay-color":"","overlay-opacity":"","overlay-gradient":""},"mobile":{"background-color":"var(--ast-global-color-5)","background-image":"","background-repeat":"repeat","background-position":"center center","background-size":"auto","background-attachment":"scroll","background-type":"","background-media":"","overlay-type":"","overlay-color":"","overlay-opacity":"","overlay-gradient":""}},"footnotes":""},"class_list":["post-1784","page","type-page","status-publish","hentry"],"_links":{"self":[{"href":"https:\/\/www.hd-pa.com\/de\/wp-json\/wp\/v2\/pages\/1784","targetHints":{"allow":["GET"]}}],"collection":[{"href":"https:\/\/www.hd-pa.com\/de\/wp-json\/wp\/v2\/pages"}],"about":[{"href":"https:\/\/www.hd-pa.com\/de\/wp-json\/wp\/v2\/types\/page"}],"author":[{"embeddable":true,"href":"https:\/\/www.hd-pa.com\/de\/wp-json\/wp\/v2\/users\/1"}],"replies":[{"embeddable":true,"href":"https:\/\/www.hd-pa.com\/de\/wp-json\/wp\/v2\/comments?post=1784"}],"version-history":[{"count":14,"href":"https:\/\/www.hd-pa.com\/de\/wp-json\/wp\/v2\/pages\/1784\/revisions"}],"predecessor-version":[{"id":1849,"href":"https:\/\/www.hd-pa.com\/de\/wp-json\/wp\/v2\/pages\/1784\/revisions\/1849"}],"wp:attachment":[{"href":"https:\/\/www.hd-pa.com\/de\/wp-json\/wp\/v2\/media?parent=1784"}],"curies":[{"name":"wp","href":"https:\/\/api.w.org\/{rel}","templated":true}]}}